{"id":2460,"date":"2022-05-09T07:49:31","date_gmt":"2022-05-09T07:49:31","guid":{"rendered":"https:\/\/demos.ascendoor.com\/ascendoor-magazine\/?page_id=2460"},"modified":"2022-05-09T07:49:31","modified_gmt":"2022-05-09T07:49:31","slug":"fashion-health-blog","status":"publish","type":"page","link":"https:\/\/djathtas-syri.al\/?page_id=2460","title":{"rendered":"Fashion &#038; Health Blog"},"content":{"rendered":"\n<div class=\"wp-block-group\" style=\"padding-top:30px;padding-right:30px;padding-bottom:30px;padding-left:30px\"><div class=\"wp-block-group__inner-container is-layout-flow wp-block-group-is-layout-flow\">\n<div class=\"wp-block-columns is-layout-flex wp-container-core-columns-is-layout-9d6595d7 wp-block-columns-is-layout-flex\">\n<div class=\"wp-block-column is-layout-flow wp-block-column-is-layout-flow\" style=\"flex-basis:50%\">\n<div class=\"wp-block-query is-layout-flow wp-block-query-is-layout-flow\"><ul class=\"wp-block-post-template is-layout-flow wp-block-post-template-is-layout-flow\"><li class=\"wp-block-post post-3514 post type-post status-publish format-standard has-post-thumbnail hentry category-aktualitet\">\n<figure class=\"wp-block-post-featured-image\"><img loading=\"lazy\" decoding=\"async\" width=\"1284\" height=\"1439\" src=\"https:\/\/djathtas-syri.al\/wp-content\/uploads\/2025\/10\/IMG_4183.jpeg\" class=\"attachment-post-thumbnail size-post-thumbnail wp-post-image\" alt=\"\" style=\"object-fit:cover;\" srcset=\"https:\/\/djathtas-syri.al\/wp-content\/uploads\/2025\/10\/IMG_4183.jpeg 1284w, https:\/\/djathtas-syri.al\/wp-content\/uploads\/2025\/10\/IMG_4183-268x300.jpeg 268w, https:\/\/djathtas-syri.al\/wp-content\/uploads\/2025\/10\/IMG_4183-914x1024.jpeg 914w, https:\/\/djathtas-syri.al\/wp-content\/uploads\/2025\/10\/IMG_4183-768x861.jpeg 768w\" sizes=\"auto, (max-width: 1284px) 100vw, 1284px\" \/><\/figure>\n\n<h2 class=\"wp-block-post-title\">Mashtrime t\u00eb p\u00ebrmasave nd\u00ebrkomb\u00ebtare: Denoncime t\u00eb shumta ndaj shtetases Vahide Salihi<\/h2>\n\n<div class=\"wp-block-post-date\"><time datetime=\"2025-10-12T14:23:31+00:00\">October 12, 2025<\/time><\/div>\n\n\n<div style=\"height:200px\" aria-hidden=\"true\" class=\"wp-block-spacer\"><\/div>\n\n<\/li><li class=\"wp-block-post post-3511 post type-post status-publish format-standard hentry category-uncategorized\">\n\n\n<h2 class=\"wp-block-post-title\">Mat, hapet dyqani i kandidimit p\u00ebr kryetar bashkie, deri n\u00eb 16.00<\/h2>\n\n<div class=\"wp-block-post-date\"><time datetime=\"2025-10-05T11:23:51+00:00\">October 5, 2025<\/time><\/div>\n\n\n<div style=\"height:200px\" aria-hidden=\"true\" class=\"wp-block-spacer\"><\/div>\n\n<\/li><\/ul><\/div>\n<\/div>\n\n\n\n<div class=\"wp-block-column is-layout-flow wp-block-column-is-layout-flow\" style=\"flex-basis:50%\">\n<div class=\"wp-block-query is-layout-flow wp-block-query-is-layout-flow\"><ul class=\"wp-block-post-template is-layout-flow wp-block-post-template-is-layout-flow\"><li class=\"wp-block-post post-3505 post type-post status-publish format-standard has-post-thumbnail hentry category-aktualitet\">\n\n<div style=\"height:200px\" aria-hidden=\"true\" class=\"wp-block-spacer\"><\/div>\n\n\n<figure class=\"wp-block-post-featured-image\"><img loading=\"lazy\" decoding=\"async\" width=\"567\" height=\"548\" src=\"https:\/\/djathtas-syri.al\/wp-content\/uploads\/2025\/09\/IMG_3020.jpeg\" class=\"attachment-post-thumbnail size-post-thumbnail wp-post-image\" alt=\"\" style=\"object-fit:cover;\" srcset=\"https:\/\/djathtas-syri.al\/wp-content\/uploads\/2025\/09\/IMG_3020.jpeg 567w, https:\/\/djathtas-syri.al\/wp-content\/uploads\/2025\/09\/IMG_3020-300x290.jpeg 300w\" sizes=\"auto, (max-width: 567px) 100vw, 567px\" \/><\/figure>\n\n<h2 class=\"wp-block-post-title\">Dhurata \u00c7upi merr postin e r\u00ebnd\u00ebsish\u00ebm si Drejtoresh\u00eb e P\u00ebrgjithshme e News 24 dhe Focus Media News<\/h2>\n\n<div class=\"wp-block-post-date\"><time datetime=\"2025-09-15T17:23:18+00:00\">September 15, 2025<\/time><\/div>\n<\/li><li class=\"wp-block-post post-3502 post type-post status-publish format-standard has-post-thumbnail hentry category-aktualitet\">\n\n<div style=\"height:200px\" aria-hidden=\"true\" class=\"wp-block-spacer\"><\/div>\n\n\n<figure class=\"wp-block-post-featured-image\"><img loading=\"lazy\" decoding=\"async\" width=\"640\" height=\"426\" src=\"https:\/\/djathtas-syri.al\/wp-content\/uploads\/2025\/09\/IMG_2936.jpeg\" class=\"attachment-post-thumbnail size-post-thumbnail wp-post-image\" alt=\"\" style=\"object-fit:cover;\" srcset=\"https:\/\/djathtas-syri.al\/wp-content\/uploads\/2025\/09\/IMG_2936.jpeg 640w, https:\/\/djathtas-syri.al\/wp-content\/uploads\/2025\/09\/IMG_2936-300x200.jpeg 300w\" sizes=\"auto, (max-width: 640px) 100vw, 640px\" \/><\/figure>\n\n<h2 class=\"wp-block-post-title\">Ilir Alimehmeti kandidati i PD p\u00ebrball\u00eb Ogerta Manastirliut p\u00ebr bashkin\u00eb e Tiran\u00ebs? Ja si p\u00ebrgjigjet Sali Berisha<\/h2>\n\n<div class=\"wp-block-post-date\"><time datetime=\"2025-09-11T17:59:31+00:00\">September 11, 2025<\/time><\/div>\n<\/li><\/ul><\/div>\n<\/div>\n<\/div>\n<\/div><\/div>\n","protected":false},"excerpt":{"rendered":"","protected":false},"author":2,"featured_media":0,"parent":0,"menu_order":0,"comment_status":"closed","ping_status":"closed","template":"","meta":{"footnotes":""},"class_list":["post-2460","page","type-page","status-publish","hentry"],"_hostinger_reach_plugin_has_subscription_block":false,"_hostinger_reach_plugin_is_elementor":false,"_links":{"self":[{"href":"https:\/\/djathtas-syri.al\/index.php?rest_route=\/wp\/v2\/pages\/2460","targetHints":{"allow":["GET"]}}],"collection":[{"href":"https:\/\/djathtas-syri.al\/index.php?rest_route=\/wp\/v2\/pages"}],"about":[{"href":"https:\/\/djathtas-syri.al\/index.php?rest_route=\/wp\/v2\/types\/page"}],"author":[{"embeddable":true,"href":"https:\/\/djathtas-syri.al\/index.php?rest_route=\/wp\/v2\/users\/2"}],"replies":[{"embeddable":true,"href":"https:\/\/djathtas-syri.al\/index.php?rest_route=%2Fwp%2Fv2%2Fcomments&post=2460"}],"version-history":[{"count":0,"href":"https:\/\/djathtas-syri.al\/index.php?rest_route=\/wp\/v2\/pages\/2460\/revisions"}],"wp:attachment":[{"href":"https:\/\/djathtas-syri.al\/index.php?rest_route=%2Fwp%2Fv2%2Fmedia&parent=2460"}],"curies":[{"name":"wp","href":"https:\/\/api.w.org\/{rel}","templated":true}]}}